{"id":3101,"date":"2025-03-26T21:27:22","date_gmt":"2025-03-26T21:27:22","guid":{"rendered":"https:\/\/nccadv.org\/?page_id=3101"},"modified":"2025-03-26T21:27:23","modified_gmt":"2025-03-26T21:27:23","slug":"990s","status":"publish","type":"page","link":"https:\/\/nccadv.org\/es\/990s\/","title":{"rendered":"990s"},"content":{"rendered":"<div id=\"ql-image-text-column-block_c1819c7701d205f33586571b42b65cac\" class=\"align-full no-pad acf-block ql-image-text-column minimal-style\" style=\" margin-top: -100px;\"><div class=\"column column-content\"><div class=\"ql-label\"><span class=\"custom-icon small\"><svg width=\"45\" height=\"44\" viewbox=\"0 0 45 44\" fill=\"none\" xmlns=\"http:\/\/www.w3.org\/2000\/svg\">\n<g clip-path=\"url(#clip0_3415_4911)\">\n<path fill-rule=\"evenodd\" clip-rule=\"evenodd\" d=\"M4.05811 42.1872C4.05977 42.6031 4.2257 43.0014 4.51976 43.2955C4.81381 43.5895 5.21216 43.7555 5.62802 43.7571H39.1143C39.5301 43.7555 39.9285 43.5895 40.2225 43.2955C40.5166 43.0014 40.6825 42.6031 40.6842 42.1872C40.6842 40.1087 39.2982 38.0722 36.6911 36.5128C33.4609 34.5846 28.2552 33.291 22.3769 33.291C16.4987 33.291 11.2887 34.5846 8.05645 36.5128C5.44623 38.0722 4.06336 40.1087 4.06336 42.1872H4.05811Z\" fill=\"#440E62\"\/>\n<path fill-rule=\"evenodd\" clip-rule=\"evenodd\" d=\"M23.924 38.2315C24.6725 33.8951 25.9974 29.6783 27.8635 25.6932C29.7791 21.7221 32.5228 17.7805 36.4938 15.7945C36.866 15.6085 37.1491 15.2822 37.2807 14.8875C37.4124 14.4928 37.3818 14.0619 37.1958 13.6897C37.0098 13.3175 36.6835 13.0345 36.2888 12.9029C35.894 12.7712 35.4632 12.8018 35.091 12.9878C30.5063 15.2796 27.2456 19.7466 25.0347 24.3292C23.0346 28.6 21.6156 33.1194 20.8157 37.767C20.779 37.9735 20.7841 38.1853 20.8306 38.3899C20.8771 38.5944 20.9642 38.7876 21.0866 38.9579C21.2091 39.1283 21.3644 39.2723 21.5434 39.3816C21.7225 39.4909 21.9216 39.5632 22.1291 39.5943C22.3366 39.6253 22.5481 39.6145 22.7513 39.5624C22.9545 39.5103 23.1452 39.418 23.3122 39.2909C23.4791 39.1639 23.6189 39.0047 23.7232 38.8227C23.8276 38.6407 23.8945 38.4397 23.9198 38.2315H23.924Z\" fill=\"#440E62\"\/>\n<path fill-rule=\"evenodd\" clip-rule=\"evenodd\" d=\"M24.9496 20.1144L26.6887 23.9698C30.1353 19.5423 34.3244 15.7468 39.0694 12.7524C39.5037 13.6212 39.5752 14.627 39.2682 15.5486C38.9612 16.4702 38.3008 17.2321 37.4322 17.667C34.3786 19.1928 32.1782 22.0458 30.5326 25.0731C32.6277 25.7214 34.8553 25.8145 36.9972 25.3432C41.2005 24.2756 43.3861 20.5599 44.3319 16.3609C45.084 12.3586 45.1951 8.26216 44.6608 4.22502C44.5983 3.82252 44.3824 3.45984 44.0584 3.213C43.7344 2.96617 43.3274 2.85436 42.9227 2.901C32.4976 4.1294 27.7963 7.64226 25.7945 11.1909C24.3479 13.9376 24.0424 17.1439 24.9444 20.1144H24.9496Z\" fill=\"#440E62\"\/>\n<path fill-rule=\"evenodd\" clip-rule=\"evenodd\" d=\"M23.9281 38.207C24.3288 34.32 24.1517 30.395 23.4027 26.5598C22.1344 20.1162 18.8202 12.7038 10.8277 8.70862C10.4552 8.52245 10.024 8.49188 9.62901 8.62361C9.23399 8.75535 8.90748 9.03862 8.72132 9.41109C8.53515 9.78356 8.50457 10.2147 8.63631 10.6098C8.76805 11.0048 9.05131 11.3313 9.42378 11.5174C16.4043 15.0072 19.2142 21.5411 20.3228 27.1672C21.0041 30.6659 21.1684 34.2456 20.8104 37.792C20.7832 37.9963 20.7965 38.2041 20.8496 38.4033C20.9027 38.6025 20.9945 38.7893 21.1198 38.953C21.2451 39.1168 21.4014 39.2542 21.5798 39.3575C21.7582 39.4609 21.9553 39.528 22.1596 39.5552C22.5724 39.6101 22.99 39.4988 23.3207 39.2458C23.6514 38.9928 23.868 38.6187 23.9229 38.206L23.9281 38.207Z\" fill=\"#440E62\"\/>\n<path fill-rule=\"evenodd\" clip-rule=\"evenodd\" d=\"M15.9136 20.7162C14.2775 17.5487 11.6774 14.9829 8.48858 13.3889C7.61983 12.9542 6.95919 12.1923 6.65181 11.2708C6.34443 10.3493 6.41547 9.3434 6.84931 8.47421C7.16456 7.85213 18.3168 17.6909 20.4048 19.7841L21.422 15.6292C21.7949 13.994 21.8242 12.2993 21.5082 10.6522C21.1922 9.00511 20.5378 7.44156 19.5862 6.0605C17.1578 2.79247 12.0508 -0.0983142 1.55217 0.00256385C1.14411 0.00629456 0.753545 0.168765 0.463235 0.455544C0.172925 0.742324 0.00568767 1.13087 -0.00303576 1.53885C-0.021198 5.61003 0.608037 9.6582 1.86111 13.5318C3.33224 17.5785 5.95927 20.9925 10.2676 21.518C12.185 21.7028 14.1189 21.4287 15.9094 20.7183L15.9136 20.7162Z\" fill=\"#440E62\"\/>\n<\/g>\n<defs>\n<clippath id=\"clip0_3415_4911\">\n<rect width=\"45\" height=\"43.7569\" fill=\"white\"\/>\n<\/clippath>\n<\/defs>\n<\/svg>\n<\/span><\/div><div class=\"column-content-inner\">\n\n<p>Our IRS Form 990 filings from each year show how The North Carolina Coalition Against Domestic Violence used the funds we received to further our mission. Form 990 breaks down the revenue and expenses for each year, including salaries, expenditures, and program costs.&nbsp; <\/p>\n\n<\/div><\/div><div class=\"column column-image\"><img decoding=\"async\" width=\"1238\" height=\"1250\" src=\"https:\/\/nccadv.org\/wp-content\/uploads\/2022\/07\/11.jpg\" class=\"attachment-full size-full\" alt=\"\" srcset=\"https:\/\/nccadv.org\/wp-content\/uploads\/2022\/07\/11.jpg 1238w, https:\/\/nccadv.org\/wp-content\/uploads\/2022\/07\/11-297x300.jpg 297w, https:\/\/nccadv.org\/wp-content\/uploads\/2022\/07\/11-1014x1024.jpg 1014w, https:\/\/nccadv.org\/wp-content\/uploads\/2022\/07\/11-150x150.jpg 150w, https:\/\/nccadv.org\/wp-content\/uploads\/2022\/07\/11-768x775.jpg 768w, https:\/\/nccadv.org\/wp-content\/uploads\/2022\/07\/11-75x75.jpg 75w\" sizes=\"(max-width: 1238px) 100vw, 1238px\" \/><\/div><\/div>\n\n\n<div style=\"height:70px\" aria-hidden=\"true\" class=\"wp-block-spacer\"><\/div>\n\n\n\n<p>Nuestros informes anuales se acercan un poco m\u00e1s a contar esa historia. Hacemos uso de tablas y gr\u00e1ficos para resaltar algo de lo que hemos logrado cada a\u00f1o en nuestros esfuerzos para poner fin a la violencia dom\u00e9stica en Carolina del Norte. <p><\/p><p> Nos gustar\u00eda invitarte a que te tomes un tiempo para explorar el sitio web de la NCCADV y aprender m\u00e1s sobre nuestra misi\u00f3n, nuestra membres\u00eda, nuestro equipo y nuestros programas y servicios. Esperamos que consideres convertirte en parte de la membres\u00eda de La Coalici\u00f3n a trav\u00e9s de hacer defensor\u00eda, un voluntariado o una donaci\u00f3n.  <\/p><\/p>\n\n\n\n<p><\/p>\n\n\n\n<h2 class=\"wp-block-heading\">2023<\/h2>\n\n\n<div id=\"ql-call-to-action-block_50a92168514e23aef6482fb996f0551c\" class=\"acf-block ql-call-to-action cta-four-column\" style=\"\">\n<div id=\"ql-call-to-action-single-block_e0869ac09362215c11f463dadd4120e1\" class=\"acf-block ql-call-to-action-single\">\n\n<h5 class=\"wp-block-heading\">2023 Form 990<\/h5>\n\n\n<div id=\"ql-button-block_ad280835f3d721586cc4cf8f51f497a5\" class=\"acf-block ql-button button-minimal icon-arrow-right button-left 0 0\"><a class=\"ql-button-link\" href=\"https:\/\/nccadv.org\/wp-content\/uploads\/2024\/10\/NCCADV-2023-990-for-public-smaller.pdf\" target=\"_self\">Ver Formulario 990<\/a><\/div>\n<\/div>\n<\/div>\n\n\n<h2 class=\"wp-block-heading\">2022<\/h2>\n\n\n<div id=\"ql-call-to-action-block_50a92168514e23aef6482fb996f0551c\" class=\"acf-block ql-call-to-action cta-four-column\" style=\"\">\n<div id=\"ql-call-to-action-single-block_e0869ac09362215c11f463dadd4120e1\" class=\"acf-block ql-call-to-action-single\">\n\n<h5 class=\"wp-block-heading\">2022 Form 990<\/h5>\n\n\n<div id=\"ql-button-block_d3739d22d9702ea29a8af050cc422fcf\" class=\"acf-block ql-button button-minimal icon-arrow-right button-left 0 0\"><a class=\"ql-button-link\" href=\"https:\/\/nccadv.org\/wp-content\/uploads\/2023\/09\/NCCADV-2022-990-Final-9.22.23-smaller.pdf\" target=\"_self\">Ver Formulario 990<\/a><\/div>\n<\/div>\n<\/div>\n\n\n<h2 class=\"wp-block-heading\">2021<\/h2>\n\n\n<div id=\"ql-call-to-action-block_50a92168514e23aef6482fb996f0551c\" class=\"acf-block ql-call-to-action cta-four-column\" style=\"\">\n<div id=\"ql-call-to-action-single-block_e0869ac09362215c11f463dadd4120e1\" class=\"acf-block ql-call-to-action-single\">\n\n<h5 class=\"wp-block-heading\">2021 Form 990<\/h5>\n\n\n<div id=\"ql-button-block_d40987511a7971bced4442188578808b\" class=\"acf-block ql-button button-minimal icon-arrow-right button-left 0 0\"><a class=\"ql-button-link\" href=\"https:\/\/nccadv.org\/wp-content\/uploads\/2023\/09\/NCCADV-2021-990.pdf\" target=\"_self\">Ver Formulario 990<\/a><\/div>\n<\/div>\n<\/div>\n\n\n<h2 class=\"wp-block-heading\">2020<\/h2>\n\n\n<div id=\"ql-call-to-action-block_50a92168514e23aef6482fb996f0551c\" class=\"acf-block ql-call-to-action cta-four-column\" style=\"\">\n<div id=\"ql-call-to-action-single-block_e0869ac09362215c11f463dadd4120e1\" class=\"acf-block ql-call-to-action-single\">\n\n<h5 class=\"wp-block-heading\">Formulario 990 2020<\/h5>\n\n\n<div id=\"ql-button-block_397c3bcd08bb20bf020823f802bac465\" class=\"acf-block ql-button button-minimal icon-arrow-right button-left 0 0\"><a class=\"ql-button-link\" href=\"https:\/\/nccadv.org\/wp-content\/uploads\/2023\/08\/Smaller-NCCADV-2020-990.pdf\" target=\"_self\">Ver Formulario 990<\/a><\/div>\n<\/div>\n<\/div>\n\n\n<h2 class=\"wp-block-heading\">2019<\/h2>\n\n\n<div id=\"ql-call-to-action-block_50a92168514e23aef6482fb996f0551c\" class=\"acf-block ql-call-to-action cta-four-column\" style=\"\">\n<div id=\"ql-call-to-action-single-block_e0869ac09362215c11f463dadd4120e1\" class=\"acf-block ql-call-to-action-single\">\n\n<h5 class=\"wp-block-heading\">2019 Form 990<\/h5>\n\n\n<div id=\"ql-button-block_36aca70851c1bec7cbdc9b0b557ca36e\" class=\"acf-block ql-button button-minimal icon-arrow-right button-left 0 0\"><a class=\"ql-button-link\" href=\"https:\/\/nccadv.org\/wp-content\/uploads\/2023\/09\/NCCADV-990-2019-smaller2.pdf\" target=\"_self\">Ver Formulario 990<\/a><\/div>\n<\/div>\n<\/div>\n\n\n<h2 class=\"wp-block-heading\">2018<\/h2>\n\n\n<div id=\"ql-call-to-action-block_50a92168514e23aef6482fb996f0551c\" class=\"acf-block ql-call-to-action cta-four-column\" style=\"\">\n<div id=\"ql-call-to-action-single-block_e0869ac09362215c11f463dadd4120e1\" class=\"acf-block ql-call-to-action-single\">\n\n<h5 class=\"wp-block-heading\">Formulario 990 2018<\/h5>\n\n\n<div id=\"ql-button-block_4fcee979f0378089872d78636cc119e5\" class=\"acf-block ql-button button-minimal icon-arrow-right button-left 0 0\"><a class=\"ql-button-link\" href=\"https:\/\/nccadv.org\/wp-content\/uploads\/2023\/06\/NCCADV_990-Public_Version_Without_Sch_B_and_Excess_Contributors.pdf\" target=\"_self\">Ver Formulario 990<\/a><\/div>\n<\/div>\n<\/div>\n\n\n<h2 class=\"wp-block-heading\">2017<\/h2>\n\n\n<div id=\"ql-call-to-action-block_50a92168514e23aef6482fb996f0551c\" class=\"acf-block ql-call-to-action cta-four-column\" style=\"\">\n<div id=\"ql-call-to-action-single-block_e0869ac09362215c11f463dadd4120e1\" class=\"acf-block ql-call-to-action-single\">\n\n<h5 class=\"wp-block-heading\">Call-to-action title<\/h5>\n\n\n\n<p>Excepteur sint occaecat cupidatat non proident, sunt in culpa qui officia deserunt mollit anim.<\/p>\n\n\n<div id=\"ql-button-block_c4b7a6419f90a9abbca3a7e3eb1f662f\" class=\"acf-block ql-button button-minimal icon-arrow-right button-left\"><a class=\"ql-button-link\" href=\"https:\/\/mysite.com\" target=\"_self\">Link Here<\/a><\/div>\n<\/div>\n\n<div id=\"ql-call-to-action-single-block_e0869ac09362215c11f463dadd4120e1\" class=\"acf-block ql-call-to-action-single\">\n\n<h5 class=\"wp-block-heading\">Call-to-action title<\/h5>\n\n\n\n<p>Excepteur sint occaecat cupidatat non proident, sunt in culpa qui officia deserunt mollit anim.<\/p>\n\n\n<div id=\"ql-button-block_c4b7a6419f90a9abbca3a7e3eb1f662f\" class=\"acf-block ql-button button-minimal icon-arrow-right button-left\"><a class=\"ql-button-link\" href=\"https:\/\/mysite.com\" target=\"_self\">Link Here<\/a><\/div>\n<\/div>\n\n<div id=\"ql-call-to-action-single-block_e0869ac09362215c11f463dadd4120e1\" class=\"acf-block ql-call-to-action-single\">\n\n<h5 class=\"wp-block-heading\">Call-to-action title<\/h5>\n\n\n\n<p>Excepteur sint occaecat cupidatat non proident, sunt in culpa qui officia deserunt mollit anim.<\/p>\n\n\n<div id=\"ql-button-block_c4b7a6419f90a9abbca3a7e3eb1f662f\" class=\"acf-block ql-button button-minimal icon-arrow-right button-left\"><a class=\"ql-button-link\" href=\"https:\/\/mysite.com\" target=\"_self\">Link Here<\/a><\/div>\n<\/div>\n\n<div id=\"ql-call-to-action-single-block_e0869ac09362215c11f463dadd4120e1\" class=\"acf-block ql-call-to-action-single\">\n\n<h5 class=\"wp-block-heading\">Call-to-action title<\/h5>\n\n\n\n<p>Excepteur sint occaecat cupidatat non proident, sunt in culpa qui officia deserunt mollit anim.<\/p>\n\n\n<div id=\"ql-button-block_c4b7a6419f90a9abbca3a7e3eb1f662f\" class=\"acf-block ql-button button-minimal icon-arrow-right button-left\"><a class=\"ql-button-link\" href=\"https:\/\/mysite.com\" target=\"_self\">Link Here<\/a><\/div>\n<\/div>\n<\/div>","protected":false},"excerpt":{"rendered":"<p>We&#8217;d like to invite you to take some time to explore the NCCADV website and to learn more about our mission, our members, our team, and our programs and services. We hope you&#8217;ll consider becoming a member of the Coalition, advocating, volunteering, or donating. 2023 2022 2021 2020 2019 2018 2017<\/p>","protected":false},"author":7,"featured_media":0,"parent":0,"menu_order":0,"comment_status":"closed","ping_status":"closed","template":"","meta":{"_acf_changed":false,"_genesis_hide_title":false,"_genesis_hide_breadcrumbs":false,"_genesis_hide_singular_image":false,"_genesis_hide_footer_widgets":false,"_genesis_custom_body_class":"","_genesis_custom_post_class":"","_genesis_layout":"","footnotes":""},"class_list":{"0":"post-3101","1":"page","2":"type-page","3":"status-publish","5":"entry"},"acf":[],"_links":{"self":[{"href":"https:\/\/nccadv.org\/es\/wp-json\/wp\/v2\/pages\/3101","targetHints":{"allow":["GET"]}}],"collection":[{"href":"https:\/\/nccadv.org\/es\/wp-json\/wp\/v2\/pages"}],"about":[{"href":"https:\/\/nccadv.org\/es\/wp-json\/wp\/v2\/types\/page"}],"author":[{"embeddable":true,"href":"https:\/\/nccadv.org\/es\/wp-json\/wp\/v2\/users\/7"}],"replies":[{"embeddable":true,"href":"https:\/\/nccadv.org\/es\/wp-json\/wp\/v2\/comments?post=3101"}],"version-history":[{"count":2,"href":"https:\/\/nccadv.org\/es\/wp-json\/wp\/v2\/pages\/3101\/revisions"}],"predecessor-version":[{"id":3103,"href":"https:\/\/nccadv.org\/es\/wp-json\/wp\/v2\/pages\/3101\/revisions\/3103"}],"wp:attachment":[{"href":"https:\/\/nccadv.org\/es\/wp-json\/wp\/v2\/media?parent=3101"}],"curies":[{"name":"wp","href":"https:\/\/api.w.org\/{rel}","templated":true}]}}