{"id":1541,"date":"2023-06-27T21:48:13","date_gmt":"2023-06-27T21:48:13","guid":{"rendered":"https:\/\/nccadv.org\/?page_id=1541"},"modified":"2025-03-28T21:27:41","modified_gmt":"2025-03-28T21:27:41","slug":"membership","status":"publish","type":"page","link":"https:\/\/nccadv.org\/es\/membership\/","title":{"rendered":"Membres\u00eda"},"content":{"rendered":"<div id=\"ql-image-text-column-block_13f4b3809507d10de028398607e4d900\" class=\"align-full no-pad acf-block ql-image-text-column minimal-style\" style=\" margin-top: -100px;\"><div class=\"column column-content\"><div class=\"ql-label\"><span class=\"custom-icon small\"><svg width=\"45\" height=\"44\" viewbox=\"0 0 45 44\" fill=\"none\" xmlns=\"http:\/\/www.w3.org\/2000\/svg\">\n<g clip-path=\"url(#clip0_3415_4911)\">\n<path fill-rule=\"evenodd\" clip-rule=\"evenodd\" d=\"M4.05811 42.1872C4.05977 42.6031 4.2257 43.0014 4.51976 43.2955C4.81381 43.5895 5.21216 43.7555 5.62802 43.7571H39.1143C39.5301 43.7555 39.9285 43.5895 40.2225 43.2955C40.5166 43.0014 40.6825 42.6031 40.6842 42.1872C40.6842 40.1087 39.2982 38.0722 36.6911 36.5128C33.4609 34.5846 28.2552 33.291 22.3769 33.291C16.4987 33.291 11.2887 34.5846 8.05645 36.5128C5.44623 38.0722 4.06336 40.1087 4.06336 42.1872H4.05811Z\" fill=\"#440E62\"\/>\n<path fill-rule=\"evenodd\" clip-rule=\"evenodd\" d=\"M23.924 38.2315C24.6725 33.8951 25.9974 29.6783 27.8635 25.6932C29.7791 21.7221 32.5228 17.7805 36.4938 15.7945C36.866 15.6085 37.1491 15.2822 37.2807 14.8875C37.4124 14.4928 37.3818 14.0619 37.1958 13.6897C37.0098 13.3175 36.6835 13.0345 36.2888 12.9029C35.894 12.7712 35.4632 12.8018 35.091 12.9878C30.5063 15.2796 27.2456 19.7466 25.0347 24.3292C23.0346 28.6 21.6156 33.1194 20.8157 37.767C20.779 37.9735 20.7841 38.1853 20.8306 38.3899C20.8771 38.5944 20.9642 38.7876 21.0866 38.9579C21.2091 39.1283 21.3644 39.2723 21.5434 39.3816C21.7225 39.4909 21.9216 39.5632 22.1291 39.5943C22.3366 39.6253 22.5481 39.6145 22.7513 39.5624C22.9545 39.5103 23.1452 39.418 23.3122 39.2909C23.4791 39.1639 23.6189 39.0047 23.7232 38.8227C23.8276 38.6407 23.8945 38.4397 23.9198 38.2315H23.924Z\" fill=\"#440E62\"\/>\n<path fill-rule=\"evenodd\" clip-rule=\"evenodd\" d=\"M24.9496 20.1144L26.6887 23.9698C30.1353 19.5423 34.3244 15.7468 39.0694 12.7524C39.5037 13.6212 39.5752 14.627 39.2682 15.5486C38.9612 16.4702 38.3008 17.2321 37.4322 17.667C34.3786 19.1928 32.1782 22.0458 30.5326 25.0731C32.6277 25.7214 34.8553 25.8145 36.9972 25.3432C41.2005 24.2756 43.3861 20.5599 44.3319 16.3609C45.084 12.3586 45.1951 8.26216 44.6608 4.22502C44.5983 3.82252 44.3824 3.45984 44.0584 3.213C43.7344 2.96617 43.3274 2.85436 42.9227 2.901C32.4976 4.1294 27.7963 7.64226 25.7945 11.1909C24.3479 13.9376 24.0424 17.1439 24.9444 20.1144H24.9496Z\" fill=\"#440E62\"\/>\n<path fill-rule=\"evenodd\" clip-rule=\"evenodd\" d=\"M23.9281 38.207C24.3288 34.32 24.1517 30.395 23.4027 26.5598C22.1344 20.1162 18.8202 12.7038 10.8277 8.70862C10.4552 8.52245 10.024 8.49188 9.62901 8.62361C9.23399 8.75535 8.90748 9.03862 8.72132 9.41109C8.53515 9.78356 8.50457 10.2147 8.63631 10.6098C8.76805 11.0048 9.05131 11.3313 9.42378 11.5174C16.4043 15.0072 19.2142 21.5411 20.3228 27.1672C21.0041 30.6659 21.1684 34.2456 20.8104 37.792C20.7832 37.9963 20.7965 38.2041 20.8496 38.4033C20.9027 38.6025 20.9945 38.7893 21.1198 38.953C21.2451 39.1168 21.4014 39.2542 21.5798 39.3575C21.7582 39.4609 21.9553 39.528 22.1596 39.5552C22.5724 39.6101 22.99 39.4988 23.3207 39.2458C23.6514 38.9928 23.868 38.6187 23.9229 38.206L23.9281 38.207Z\" fill=\"#440E62\"\/>\n<path fill-rule=\"evenodd\" clip-rule=\"evenodd\" d=\"M15.9136 20.7162C14.2775 17.5487 11.6774 14.9829 8.48858 13.3889C7.61983 12.9542 6.95919 12.1923 6.65181 11.2708C6.34443 10.3493 6.41547 9.3434 6.84931 8.47421C7.16456 7.85213 18.3168 17.6909 20.4048 19.7841L21.422 15.6292C21.7949 13.994 21.8242 12.2993 21.5082 10.6522C21.1922 9.00511 20.5378 7.44156 19.5862 6.0605C17.1578 2.79247 12.0508 -0.0983142 1.55217 0.00256385C1.14411 0.00629456 0.753545 0.168765 0.463235 0.455544C0.172925 0.742324 0.00568767 1.13087 -0.00303576 1.53885C-0.021198 5.61003 0.608037 9.6582 1.86111 13.5318C3.33224 17.5785 5.95927 20.9925 10.2676 21.518C12.185 21.7028 14.1189 21.4287 15.9094 20.7183L15.9136 20.7162Z\" fill=\"#440E62\"\/>\n<\/g>\n<defs>\n<clippath id=\"clip0_3415_4911\">\n<rect width=\"45\" height=\"43.7569\" fill=\"white\"\/>\n<\/clippath>\n<\/defs>\n<\/svg>\n<\/span><\/div><div class=\"column-content-inner\">\n\n<h2 class=\"wp-block-heading\">\u00bfQui\u00e9n puede afiliarse?<\/h2>\n\n\n\n<p>La membres\u00eda est\u00e1 abierta a las agencias contra la violencia dom\u00e9stica, los socios comunitarios, universidades y personas particulares. Si compartes nuestra visi\u00f3n por eliminar la violencia dom\u00e9stica de Carolina del Norte, \u00a1te invitamos a que te unas a la membres\u00eda!<\/p>\n\n<\/div><\/div><div class=\"column column-image\"><img decoding=\"async\" width=\"1111\" height=\"1250\" src=\"https:\/\/nccadv.org\/wp-content\/uploads\/2022\/07\/29.jpg\" class=\"attachment-full size-full\" alt=\"Father and mother with a happy toddler.\" srcset=\"https:\/\/nccadv.org\/wp-content\/uploads\/2022\/07\/29.jpg 1111w, https:\/\/nccadv.org\/wp-content\/uploads\/2022\/07\/29-267x300.jpg 267w, https:\/\/nccadv.org\/wp-content\/uploads\/2022\/07\/29-910x1024.jpg 910w, https:\/\/nccadv.org\/wp-content\/uploads\/2022\/07\/29-768x864.jpg 768w\" sizes=\"(max-width: 1111px) 100vw, 1111px\" \/><\/div><\/div>\n\n\n<h2 class=\"wp-block-heading\"><strong>Beneficios de la Membres\u00eda<\/strong><\/h2>\n\n\n\n<ul class=\"wp-block-list\">\n<li>Acceso gratuito a nuestras capacitaciones<\/li>\n\n\n\n<li>Respuestas a tus preguntas, materiales del programa y apoyo personalizado (asistencia t\u00e9cnica) sobre diversos temas<\/li>\n\n\n\n<li>Lista de correo electr\u00f3nico exclusiva para la membres\u00eda<\/li>\n\n\n\n<li>Oportunidades para la creaci\u00f3n de redes y el aprendizaje entre iguales<\/li>\n\n\n\n<li>Descuento en la inscripci\u00f3n a nuestra conferencia bienal<\/li>\n\n\n\n<li>Acceso a recursos como kits de herramientas, gu\u00edas r\u00e1pidas, materiales de sensibilizaci\u00f3n, hojas de consejos y mucho m\u00e1s.<\/li>\n<\/ul>\n\n\n\n<p><em>*Todos los servicios se basan en la disponibilidad de nuestro equipo y recursos. Cualquier cambio en las cuotas de membres\u00eda se anunciar\u00e1 al menos 6 meses antes de que entre en vigor.<\/em><\/p>\n\n\n\n<div style=\"height:41px\" aria-hidden=\"true\" class=\"wp-block-spacer\"><\/div>\n\n\n\n<div style=\"height:41px\" aria-hidden=\"true\" class=\"wp-block-spacer\"><\/div>\n\n\n\n<h2 class=\"wp-block-heading\">Categor\u00edas de Membres\u00eda<\/h2>\n\n\n<div id=\"ql-accordion-block_c8a830d6f54de3092537144320072c8c\" class=\"acf-block ql-accordion\"><button class=\"accordion-head button-minimal\"><h4 class=\"accordion-title\">Agencias contra la violencia dom\u00e9stica miembras<\/h4><div class=\"accordion-toggle\"><\/div><\/button><div class=\"accordion-body bg-dark\">\n\n<h4 class=\"wp-block-heading\">Elegibilidad<\/h4>\n\n\n\n<ul class=\"wp-block-list\">\n<li>Brindar servicios integrales para las v\u00edctimas de violencia dom\u00e9stica, violencia en relaciones de adolescentes y\/o el acecho (p.ej.:  L\u00ednea de crisis de 24 horas al d\u00eda y 7 d\u00edas a la semana, refugios de emergencia, defensor\u00eda judicial, etc.)<\/li>\n\n\n\n<li>Tener defensores que est\u00e9n sujetes a las disposiciones de la ley sobre el secreto profesional de les abogades de las v\u00edctimas, CRS 13-90-107 (1)(K)<\/li>\n\n\n\n<li>Apoyan la misi\u00f3n, visi\u00f3n y valores de la Coalici\u00f3n <\/li>\n<\/ul>\n\n\n\n<h4 class=\"wp-block-heading\">Beneficios adicionales<\/h4>\n\n\n\n<ul class=\"wp-block-list\">\n<li>Una capacitaci\u00f3n por a\u00f1o, por solicitud, espec\u00edfica a las necesidades del personal de la agencia<\/li>\n\n\n\n<li>Derechos de votaci\u00f3n en las elecciones y sesiones de votaci\u00f3n puestas ante la membres\u00eda<\/li>\n<\/ul>\n\n\n\n<h4 class=\"wp-block-heading\">Tarifa<\/h4>\n\n\n\n<p>La tarifa anual es 0.1% de tu presupuesto anual de violencia dom\u00e9stica (0.001 x presupuesto de VD). La tarifa m\u00ednima es de $25 d\u00f3lares, la tarifa m\u00e1xima es de $1,000.<\/p>\n\n\n\n<p>Las membres\u00edas de agencias contra la violencia dom\u00e9stica operan bajo una programaci\u00f3n con base en el a\u00f1o calendario. Cada a\u00f1o, el 31 de diciembre, la membres\u00eda vence sin importar cu\u00e1ndo la pagaste. Las cuotas de membres\u00eda no se prorratean.<\/p>\n\n<\/div><\/div>\n\n<div id=\"ql-accordion-block_9ac226314c36fa57f4c2257a8cbd5b4b\" class=\"acf-block ql-accordion\"><button class=\"accordion-head button-minimal\"><h4 class=\"accordion-title\">Socios comunitarios miembros<\/h4><div class=\"accordion-toggle\"><\/div><\/button><div class=\"accordion-body bg-dark\">\n\n<h4 class=\"wp-block-heading\">Elegibilidad<\/h4>\n\n\n\n<ul class=\"wp-block-list\">\n<li>Cualquier organizaci\u00f3n que apoye la misi\u00f3n, visi\u00f3n y valores de la Coalici\u00f3n<\/li>\n\n\n\n<li>No brinda servicios de crisis de violencia dom\u00e9stica<\/li>\n<\/ul>\n\n\n\n<p>Ejemplos de colaboradores comunitaries miembres incluyen (pero no est\u00e1n limitados a):<\/p>\n\n\n\n<ul class=\"wp-block-list\">\n<li>Servicios legales<\/li>\n\n\n\n<li>Servicios de salud<\/li>\n\n\n\n<li>Comunidades religiosas<\/li>\n\n\n\n<li>Programas de intervenci\u00f3n ante la violencia dom\u00e9stica (anteriormente conocidos como programas de tratamiento de abusadores)<\/li>\n\n\n\n<li>Negocios<\/li>\n\n\n\n<li>Organizaciones que ayudan a les sobrevivientes de la violencia dom\u00e9stica que no est\u00e1n en crisis (p.ej.: terapia, grupos de apoyo, concientizaci\u00f3n comunitaria)<\/li>\n<\/ul>\n\n\n\n<h4 class=\"wp-block-heading\">Tarifa<\/h4>\n\n\n\n<p>Les colaboradores comunitaries miembres pagan una tarifa anual con base en su presupuesto anual.<\/p>\n\n\n\n<ul class=\"wp-block-list\">\n<li>Las organizaciones con un presupuesto anual <strong>menor a $150,000 <\/strong>pagan <strong>$50<\/strong>por a\u00f1o calendario<\/li>\n\n\n\n<li>Las organizaciones con un presupuesto anual <strong>entre $150,000 y $500,000 <\/strong>pagan <strong>$150<\/strong>por a\u00f1o calendario<\/li>\n\n\n\n<li>Las organizaciones con un presupuesto anual <strong>mayor a $500,000<\/strong> pagan <strong>$250<\/strong>por a\u00f1o calendario<\/li>\n<\/ul>\n\n\n\n<p>Las membres\u00edas de colaboradores comunitaries operan bajo una programaci\u00f3n con base en el a\u00f1o calendario. Cada a\u00f1o, el 31 de diciembre, la membres\u00eda vence sin importar cu\u00e1ndo la pagaste. Las cuotas de membres\u00eda no se prorratean.<\/p>\n\n<\/div><\/div>\n\n<div id=\"ql-accordion-block_1de46c6816d8aad02bdbc9a795c09e96\" class=\"acf-block ql-accordion\"><button class=\"accordion-head button-minimal\"><h4 class=\"accordion-title\">Campus miembro<\/h4><div class=\"accordion-toggle\"><\/div><\/button><div class=\"accordion-body bg-dark\">\n\n<h4 class=\"wp-block-heading\">Elegibilidad<\/h4>\n\n\n\n<p><strong>Campus miembros <\/strong>son universidades de Carolina del Norte que:<\/p>\n\n\n\n<ul class=\"wp-block-list\">\n<li>Work directly or indirectly with victims\/survivors and\/or perpetrators of intimate partner violence (IPV)<\/li>\n\n\n\n<li>Se esfuerzan por reducir la IPV a trav\u00e9s de la educaci\u00f3n, las pol\u00edticas y\/o el cambio social<\/li>\n\n\n\n<li>Apoyan la misi\u00f3n, visi\u00f3n y valores de la NCCADV<\/li>\n\n\n\n<li>No cumplen con los requisitos de una agencia contra la violencia dom\u00e9stica\u202f<\/li>\n<\/ul>\n\n\n\n<h4 class=\"wp-block-heading\">Beneficios<\/h4>\n\n\n\n<p>Todes les miembres tienen acceso a capacitaciones, asistencia t\u00e9cnica y apoyo en el sitio. Los beneficios se aplican al personal, la facultad y\/o les estudiantes de tu campus.<\/p>\n\n\n\n<p><strong>Capacitaciones: <\/strong>You are able to attend all of our virtual and in-person trainings available, including specific Campus Program trainings. This includes our 3-day in-person Advocates&#8217; Institute and other topics such as Responding to Student Disclosures of IPV, and Title IX and Trauma-Informed Responses. Campus Members can also request our on-site campus-specific trainings for your faculty\/staff, administration, or student leaders. For a list of trainings available for Campus Members to request, please <a href=\"https:\/\/nccadv.org\/es\/contact-us\/\">comunicarte con nosotres<\/a>.<\/p>\n\n\n\n<p><strong>Asistencia t\u00e9cnica: <\/strong>La asistencia t\u00e9cnica (AT) es la soluci\u00f3n colaborativa de problemas y el intercambio de recursos. Los Campus miembro pueden recibir AT del programa de campus y de todos los programas aqu\u00ed en la NCCADV. Las instituciones educativas que tienen CCRT pueden recibir apoyo del Programa de campus a trav\u00e9s de la AT o la asistencia a reuniones. Como Campus miembro, tambi\u00e9n tienes acceso a participar en reuniones mensuales virtuales con colegas compa\u00f1eres de Carolina del Norte para compartir ideas y recibir retroalimentaci\u00f3n y AT.<\/p>\n\n\n\n<p><strong>Apoyo en el sitio: <\/strong>El trabajo de Campus es trabajo colaborativo de cara-a-cara. Los Campus miembro a menudo le piden a la NCCADV visitar su campus para ayudar con implementar una nueva estrategia de respuesta, crear un nuevo grupo de trabajo o fortalecer la comunidad en el campus. Los Campus miembro reciben apoyo en el sitio con la membres\u00eda para ayudar con la AT proporcionada. Algunas veces esto se manifiesta como una visita de medio d\u00eda o del d\u00eda completo con reuniones y capacitaciones en el campus.<\/p>\n\n\n\n<h4 class=\"wp-block-heading\">Tarifa<\/h4>\n\n\n\n<p><strong>Empezando el 1o de septiembre de 2024, <\/strong>la Membres\u00eda Campus es $150 anuales para las instituciones de 4 a\u00f1os y $50 anuales para instituciones comunitarias. <\/p>\n\n\n\n<p>Las Membres\u00edas Campus operan bajo una programaci\u00f3n anual del 1o de septiembre al 31 de agosto. Cada a\u00f1o, el 31 de agosto, la Membres\u00eda Campus vence sin importar cu\u00e1ndo la pagaste. Las cuotas de membres\u00eda no se prorratean.<\/p>\n\n\n\n<h4 class=\"wp-block-heading\">Informaci\u00f3n adicional<\/h4>\n\n\n\n<p>Los costos de estacionamiento para los servicios en el sitio deben ser cubiertos por la universidad.<\/p>\n\n\n\n<p>Cada Campus miembro nos ayuda a fortalecer el movimiento contra la violencia en Carolina del Norte. \u00danete a nosotres hoy para fomentar las conexiones entre les profesionales de campus universitarios que se esfuerzan por hacer que nuestro estado est\u00e9 libre de la violencia de pareja \u00edntima.<\/p>\n\n<\/div><\/div>\n\n<div id=\"ql-accordion-block_bac92acd5df1448aafd9a9cc0ae0803a\" class=\"acf-block ql-accordion\"><button class=\"accordion-head button-minimal\"><h4 class=\"accordion-title\">Personas particulares y estudiantes miembros<\/h4><div class=\"accordion-toggle\"><\/div><\/button><div class=\"accordion-body bg-dark\">\n\n<h4 class=\"wp-block-heading\">Elegibilidad<\/h4>\n\n\n\n<p><strong>Personas particulares y estudiantes miembros <\/strong>son personas individuales que apoyan la misi\u00f3n, la visi\u00f3n y los valores de la NCCADV.<\/p>\n\n\n\n<h4 class=\"wp-block-heading\">Beneficios<\/h4>\n\n\n\n<p>Individual &amp; Student Members can access most of our trainings and resources. Some trainings are reserved for only organizational members.<\/p>\n\n\n\n<h4 class=\"wp-block-heading\">Tarifa<\/h4>\n\n\n\n<p>La tarifa anual de membres\u00eda individual y estudiantil es de $5 a $50, seg\u00fan la estructura de paga-lo-que-puedas. La tarifa se paga a trav\u00e9s de nuestra plataforma de membres\u00eda, no en nuestra p\u00e1gina de donaciones (\u00a1aunque puedes hacer una donaci\u00f3n adem\u00e1s de tu tarifa de membres\u00eda!).<\/p>\n\n<\/div><\/div>\n\n<div id=\"ql-icon-title-block_366cd2607c60f6df4700b209219c9028\" class=\"acf-block ql-icon-title\">\n<div id=\"ql-icon-block_5ce522dfd8f5cb769e9881ed345f075a\" class=\"acf-block ql-icon icon-primary medium\"><svg width=\"45\" height=\"42\" viewbox=\"0 0 45 42\" fill=\"none\" xmlns=\"http:\/\/www.w3.org\/2000\/svg\">\n<g clip-path=\"url(#clip0_3415_4985)\">\n<mask id=\"mask0_3415_4985\" style=\"mask-type:luminance\" maskunits=\"userSpaceOnUse\" x=\"0\" y=\"0\" width=\"45\" height=\"42\">\n<path d=\"M45 0H0V41.0745H45V0Z\" fill=\"white\"\/>\n<\/mask>\n<!-- <g mask=\"url(#mask0_3415_4985)\"> -->\n<path fill-rule=\"evenodd\" clip-rule=\"evenodd\" d=\"M36.2102 0.812945C33.8625 -0.0735228 31.3036 -0.239328 28.8611 0.336746C26.4186 0.912821 24.2035 2.20457 22.4993 4.04671C20.7583 2.19387 18.5102 0.894693 16.0356 0.311249C13.6225 -0.218668 11.108 -0.045087 8.79063 0.811387C6.3826 1.67756 4.2645 3.19936 2.67523 5.20513C1.03384 7.25567 0.0985565 9.78147 0.00860733 12.4065C-0.167454 17.9922 2.35817 23.6557 7.52003 29.2383C12.2005 34.302 18.1499 38.3701 22.2141 40.9907C22.2995 41.0453 22.3987 41.0742 22.5 41.0742C22.6014 41.0742 22.7006 41.0453 22.7859 40.9907C26.8533 38.3709 32.8004 34.3035 37.4808 29.2406C42.6419 23.6573 45.1683 17.9937 44.9923 12.4081C44.9022 9.78379 43.9675 7.25867 42.3272 5.20824C40.7383 3.20155 38.6201 1.67891 36.2118 0.812166L36.2102 0.812945ZM32.675 15.7057C32.7812 15.7115 32.8832 15.7493 32.9675 15.8142C33.0518 15.8791 33.1144 15.968 33.1472 16.0691C33.18 16.1703 33.1814 16.2791 33.1512 16.3811C33.121 16.4831 33.0606 16.5735 32.978 16.6405L27.5248 21.1589L29.28 28.0222C29.3059 28.1246 29.3006 28.2324 29.2646 28.3317C29.2287 28.431 29.1638 28.5173 29.0783 28.5794C28.9929 28.6414 28.8908 28.6764 28.7852 28.6799C28.6796 28.6833 28.5754 28.655 28.4861 28.5987L22.5008 24.8087L16.5155 28.5987C16.4262 28.6555 16.322 28.6841 16.2162 28.6808C16.1105 28.6776 16.0081 28.6426 15.9225 28.5804C15.8369 28.5183 15.772 28.4318 15.7362 28.3322C15.7004 28.2327 15.6953 28.1247 15.7217 28.0222L17.4768 21.1589L12.0236 16.6405C11.9414 16.5733 11.8814 16.4829 11.8514 16.381C11.8215 16.2791 11.823 16.1706 11.8557 16.0696C11.8885 15.9686 11.9509 15.8798 12.035 15.8149C12.119 15.7499 12.2207 15.7119 12.3267 15.7057L19.3979 15.2531L22.0124 8.6687C22.0513 8.57038 22.1188 8.48603 22.2063 8.42659C22.2937 8.36715 22.397 8.33537 22.5028 8.33537C22.6085 8.33537 22.7118 8.36715 22.7992 8.42659C22.8867 8.48603 22.9543 8.57038 22.9932 8.6687L25.6084 15.2531L32.675 15.7057ZM26.5939 20.5606C26.5168 20.6241 26.4595 20.7083 26.4286 20.8032C26.3977 20.8981 26.3945 20.9999 26.4193 21.0966L27.9276 26.9962L22.7813 23.7406C22.697 23.6871 22.5991 23.6586 22.4993 23.6586C22.3994 23.6586 22.3016 23.6871 22.2172 23.7406L17.071 26.997L18.5792 21.0974C18.604 21.0007 18.6008 20.8989 18.5699 20.804C18.539 20.7091 18.4817 20.6249 18.4047 20.5614L13.7172 16.6709L19.7937 16.2814C19.8931 16.2747 19.9886 16.2399 20.069 16.181C20.1494 16.1221 20.2115 16.0415 20.2479 15.9488L22.4977 10.2875L24.7475 15.9488C24.7843 16.0416 24.8466 16.1221 24.9273 16.1808C25.008 16.2396 25.1037 16.2742 25.2033 16.2806L31.2797 16.6701L26.5939 20.5606Z\" fill=\"#440E62\"\/>\n<!-- <\/g> -->\n<\/g>\n<defs>\n<clippath id=\"clip0_3415_4985\">\n<rect width=\"45\" height=\"41.0745\" fill=\"white\"\/>\n<\/clippath>\n<\/defs>\n<\/svg>\n<\/div>\n\n\n<h3 class=\"wp-block-heading\">Membership Opportunities for Culturally-Specific Organizations<\/h3>\n\n<\/div>\n\n\n<ul class=\"wp-block-list\">\n<li>Culturally-specific organizations use a pay-what-you-can fee structure.<\/li>\n\n\n\n<li>Includes organizations who are often under-served in the domestic violence field. <\/li>\n\n\n\n<li>La NCCADV ofrece oportunidades de aprendizaje entre iguales \u00fanicamente para miembros que son organizaciones culturalmente espec\u00edficas.<\/li>\n\n\n\n<li>Please <a href=\"https:\/\/nccadv.org\/es\/contact-us\/\">comunicarte con nosotres<\/a> for more information!<\/li>\n<\/ul>\n\n\n<div id=\"ql-content-block-block_1ed62e485f109343b40ee6a37119b615\" class=\"acf-block ql-content-block bg-primary bg-dark\" style=\"\">\n\n<h3 class=\"wp-block-heading has-text-align-center\"><strong>\u00a1\u00danete a la Membres\u00eda Hoy!<\/strong><\/h3>\n\n\n<div id=\"ql-button-block_0a19abb1c55ff673d3347d46843ee5de\" class=\"acf-block ql-button button-center 0 0\"><a class=\"ql-button-link\" href=\"https:\/\/nccadv.coalitionmanager.org\/contactmanager\/contact\/publicregistration\" target=\"_blank\">Click here to request membership<\/a><\/div>\n<\/div>\n\n\n<h2 class=\"wp-block-heading\">Informaci\u00f3n Sobre El Pago<\/h2>\n\n\n\n<p>La cuota de membres\u00eda puede pagarse en su totalidad, en un plan de pagos mensual o en un plan de pagos trimestral. Por favor, ponte en contacto si la cuota no es accesible para ti o tu organizaci\u00f3n. \u00a1Estamos felices de platicar de qu\u00e9 manera puede ser m\u00e1s accesible para ti la membres\u00eda de NCCADV!<\/p>\n\n\n\n<p>Cualquier miembro que cancele su membres\u00eda durante el a\u00f1o de membres\u00eda todav\u00eda ser\u00e1 responsable de cualquier pago de tarifas de membres\u00eda que queden. Las tarifas ya pagadas no ser\u00e1n reembolsadas al cancelar la membres\u00eda.&nbsp;<\/p>","protected":false},"excerpt":{"rendered":"<p>Membership Benefits *All services are based on our staff and resource availability. Any changes in membership fees will be announced at least 6 months before taking effect. Membership Categories Payment Information The membership fee can be paid in full, on a monthly payment plan, or on a quarterly payment plan. Please contact us if the [&hellip;]<\/p>\n","protected":false},"author":2,"featured_media":0,"parent":0,"menu_order":0,"comment_status":"closed","ping_status":"closed","template":"","meta":{"_acf_changed":false,"_genesis_hide_title":false,"_genesis_hide_breadcrumbs":false,"_genesis_hide_singular_image":false,"_genesis_hide_footer_widgets":false,"_genesis_custom_body_class":"","_genesis_custom_post_class":"","_genesis_layout":"","footnotes":""},"class_list":{"0":"post-1541","1":"page","2":"type-page","3":"status-publish","5":"entry"},"acf":[],"_links":{"self":[{"href":"https:\/\/nccadv.org\/es\/wp-json\/wp\/v2\/pages\/1541","targetHints":{"allow":["GET"]}}],"collection":[{"href":"https:\/\/nccadv.org\/es\/wp-json\/wp\/v2\/pages"}],"about":[{"href":"https:\/\/nccadv.org\/es\/wp-json\/wp\/v2\/types\/page"}],"author":[{"embeddable":true,"href":"https:\/\/nccadv.org\/es\/wp-json\/wp\/v2\/users\/2"}],"replies":[{"embeddable":true,"href":"https:\/\/nccadv.org\/es\/wp-json\/wp\/v2\/comments?post=1541"}],"version-history":[{"count":13,"href":"https:\/\/nccadv.org\/es\/wp-json\/wp\/v2\/pages\/1541\/revisions"}],"predecessor-version":[{"id":3112,"href":"https:\/\/nccadv.org\/es\/wp-json\/wp\/v2\/pages\/1541\/revisions\/3112"}],"wp:attachment":[{"href":"https:\/\/nccadv.org\/es\/wp-json\/wp\/v2\/media?parent=1541"}],"curies":[{"name":"wp","href":"https:\/\/api.w.org\/{rel}","templated":true}]}}