{"id":1426,"date":"2023-06-27T19:55:49","date_gmt":"2023-06-27T19:55:49","guid":{"rendered":"https:\/\/nccadv.org\/?page_id=1426"},"modified":"2025-02-13T20:15:32","modified_gmt":"2025-02-13T20:15:32","slug":"donate","status":"publish","type":"page","link":"https:\/\/nccadv.org\/es\/donate\/","title":{"rendered":"Donar"},"content":{"rendered":"<div class=\"wpforms-container wpforms-container-full wpforms-stripe wpforms-block wpforms-block-6d2490be-d6b8-4b40-8a68-8c12331f0857\" id=\"wpforms-1908\"><form id=\"wpforms-form-1908\" class=\"wpforms-validate wpforms-form wpforms-ajax-form\" data-formid=\"1908\" method=\"post\" enctype=\"multipart\/form-data\" action=\"\/es\/wp-json\/wp\/v2\/pages\/1426\" data-token=\"dc8c6aa28014384ba5cc493b9085b20e\" data-token-time=\"1778162536\"><noscript class=\"wpforms-error-noscript\">Por favor, activa JavaScript en tu navegador para completar este formulario.<\/noscript><div class=\"wpforms-field-container\"><div id=\"wpforms-1908-field_9-container\" class=\"wpforms-field wpforms-field-divider\" data-field-id=\"9\"><h3 id=\"wpforms-1908-field_9\">Donation Information<\/h3><\/div><div id=\"wpforms-1908-field_15-container\" class=\"wpforms-field wpforms-field-layout\" data-field-id=\"15\"><div class=\"wpforms-field-layout-columns wpforms-field-layout-preset-25-25-25-25\"><div class=\"wpforms-layout-column wpforms-layout-column-25\" ><div id=\"wpforms-1908-field_23-container\" class=\"wpforms-field wpforms-field-payment-single\" data-field-id=\"23\"><label class=\"wpforms-field-label\" for=\"wpforms-1908-field_23\">How much would you like to donate (In US Dollars)? <span class=\"wpforms-required-label\">*<\/span><\/label><input type=\"text\" id=\"wpforms-1908-field_23\" class=\"wpforms-field-medium wpforms-field-required wpforms-payment-user-input wpforms-payment-price\" data-rule-currency=\"[&quot;$&quot;,false]\" data-rule-required-minimum-price=\"0.00\" data-rule-required-positive-number=\"1\" name=\"wpforms[fields][23]\" value=\"&#036;50.00\"><\/div><\/div><div class=\"wpforms-layout-column wpforms-layout-column-25\" ><div id=\"wpforms-1908-field_6-container\" class=\"wpforms-field wpforms-field-select ql-select-has-label wpforms-field-select-style-classic\" data-field-id=\"6\"><label class=\"wpforms-field-label\" for=\"wpforms-1908-field_6\">Recurring Donation?                                                                                                                                                  <span class=\"wpforms-required-label\">*<\/span><\/label><select id=\"wpforms-1908-field_6\" class=\"wpforms-field-large wpforms-field-required\" name=\"wpforms[fields][6]\" required=\"required\"><option value=\"One-Time Donation\"  class=\"choice-1 depth-1\"  >One-Time Donation<\/option><option value=\"Monthly Donation\"  class=\"choice-2 depth-1\"  >Monthly Donation<\/option><\/select><\/div><\/div><div class=\"wpforms-layout-column wpforms-layout-column-25\" ><div id=\"wpforms-1908-field_27-container\" class=\"wpforms-field wpforms-field-radio wpforms-list-inline\" data-field-id=\"27\"><label class=\"wpforms-field-label\">I Want to Support<\/label><ul id=\"wpforms-1908-field_27\"><li class=\"choice-1 depth-1\"><input type=\"radio\" id=\"wpforms-1908-field_27_1\" name=\"wpforms[fields][27]\" value=\"Where It Is Needed Most\"  ><label class=\"wpforms-field-label-inline\" for=\"wpforms-1908-field_27_1\">Where It Is Needed Most<\/label><\/li><li class=\"choice-2 depth-1\"><input type=\"radio\" id=\"wpforms-1908-field_27_2\" name=\"wpforms[fields][27]\" value=\"Hurricane Relief in NC - The SINCE Fund\"  ><label class=\"wpforms-field-label-inline\" for=\"wpforms-1908-field_27_2\">Hurricane Relief in NC &#8211; The SINCE Fund<\/label><\/li><\/ul><\/div><\/div><div class=\"wpforms-layout-column wpforms-layout-column-25\" ><div id=\"wpforms-1908-field_18-container\" class=\"wpforms-field wpforms-field-radio wpforms-list-inline\" data-field-id=\"18\"><label class=\"wpforms-field-label\">In Honor or In Memory of?<\/label><ul id=\"wpforms-1908-field_18\"><li class=\"choice-1 depth-1\"><input type=\"radio\" id=\"wpforms-1908-field_18_1\" name=\"wpforms[fields][18]\" value=\"In Honor of\"  ><label class=\"wpforms-field-label-inline\" for=\"wpforms-1908-field_18_1\">In Honor of<\/label><\/li><li class=\"choice-2 depth-1\"><input type=\"radio\" id=\"wpforms-1908-field_18_2\" name=\"wpforms[fields][18]\" value=\"In Memory of\"  ><label class=\"wpforms-field-label-inline\" for=\"wpforms-1908-field_18_2\">In Memory of<\/label><\/li><\/ul><\/div><div id=\"wpforms-1908-field_8-container\" class=\"wpforms-field wpforms-field-text\" data-field-id=\"8\"><label class=\"wpforms-field-label wpforms-label-hide\" for=\"wpforms-1908-field_8\">In Honor or In Memory of Name?<\/label><input type=\"text\" id=\"wpforms-1908-field_8\" class=\"wpforms-field-large\" name=\"wpforms[fields][8]\" placeholder=\"Name(s), if applicable \" ><\/div><\/div><\/div><\/div><div id=\"wpforms-1908-field_10-container\" class=\"wpforms-field wpforms-field-divider\" data-field-id=\"10\"><h3 id=\"wpforms-1908-field_10\">Personal Information<\/h3><\/div><div id=\"wpforms-1908-field_25-container\" class=\"wpforms-field wpforms-field-name\" data-field-id=\"25\"><label class=\"wpforms-field-label wpforms-label-hide\" for=\"wpforms-1908-field_25\">Name <span class=\"wpforms-required-label\">*<\/span><\/label><div class=\"wpforms-field-row wpforms-field-large\"><div class=\"wpforms-field-row-block wpforms-first wpforms-one-half\"><input type=\"text\" id=\"wpforms-1908-field_25\" class=\"wpforms-field-name-first wpforms-field-required\" name=\"wpforms[fields][25][first]\" placeholder=\"First Name*\" required><label for=\"wpforms-1908-field_25\" class=\"wpforms-field-sublabel after wpforms-sublabel-hide\">Nombre<\/label><\/div><div class=\"wpforms-field-row-block wpforms-one-half\"><input type=\"text\" id=\"wpforms-1908-field_25-last\" class=\"wpforms-field-name-last wpforms-field-required\" name=\"wpforms[fields][25][last]\" placeholder=\"Last Name*\" required><label for=\"wpforms-1908-field_25-last\" class=\"wpforms-field-sublabel after wpforms-sublabel-hide\">Apellidos<\/label><\/div><\/div><\/div><div id=\"wpforms-1908-field_1-container\" class=\"wpforms-field wpforms-field-email ql-one-half\" data-field-id=\"1\"><label class=\"wpforms-field-label wpforms-label-hide\" for=\"wpforms-1908-field_1\">Email <span class=\"wpforms-required-label\">*<\/span><\/label><input type=\"email\" id=\"wpforms-1908-field_1\" class=\"wpforms-field-large wpforms-field-required\" name=\"wpforms[fields][1]\" placeholder=\"E-Mail*\" spellcheck=\"false\" required><\/div><div id=\"wpforms-1908-field_12-container\" class=\"wpforms-field wpforms-field-phone ql-one-half\" data-field-id=\"12\"><label class=\"wpforms-field-label wpforms-label-hide\" for=\"wpforms-1908-field_12\">Phone<\/label><input type=\"tel\" id=\"wpforms-1908-field_12\" class=\"wpforms-field-large wpforms-smart-phone-field\" data-rule-smart-phone-field=\"true\" name=\"wpforms[fields][12]\" placeholder=\"Phone Number\" aria-label=\"Phone\" ><\/div><div id=\"wpforms-1908-field_7-container\" class=\"wpforms-field wpforms-field-text ql-one-half\" data-field-id=\"7\"><label class=\"wpforms-field-label wpforms-label-hide\" for=\"wpforms-1908-field_7\">Organization<\/label><input type=\"text\" id=\"wpforms-1908-field_7\" class=\"wpforms-field-large\" name=\"wpforms[fields][7]\" placeholder=\"Organization\" ><\/div><div id=\"wpforms-1908-field_13-container\" class=\"wpforms-field wpforms-field-divider\" data-field-id=\"13\"><h3 id=\"wpforms-1908-field_13\">Payment Information<\/h3><\/div><div id=\"wpforms-1908-field_17-container\" class=\"wpforms-field wpforms-field-stripe-credit-card\" data-field-id=\"17\"><label class=\"wpforms-field-label wpforms-label-hide\">Stripe Credit Card <span class=\"wpforms-required-label\">*<\/span><\/label><div class=\"wpforms-field-row wpforms-no-columns wpforms-field-large \" data-sublabel-position=\"above\" data-link-email=\"1\" data-required=\"1\"><div id=\"wpforms-field-stripe-payment-element-1908\"><\/div><input type=\"text\" class=\"wpforms-stripe-credit-card-hidden-input\" name=\"wpforms[stripe-credit-card-hidden-input-1908]\" disabled style=\"display: none;\"><\/div><\/div><div id=\"wpforms-1908-field_14-container\" class=\"wpforms-field wpforms-field-divider\" data-field-id=\"14\"><h3 id=\"wpforms-1908-field_14\">Other Information<\/h3><\/div><div id=\"wpforms-1908-field_2-container\" class=\"wpforms-field wpforms-field-textarea\" data-field-id=\"2\"><label class=\"wpforms-field-label wpforms-label-hide\" for=\"wpforms-1908-field_2\">Notes Related to this Donation<\/label><textarea id=\"wpforms-1908-field_2\" class=\"wpforms-field-medium\" name=\"wpforms[fields][2]\" placeholder=\"Notes Related to this Donation\" ><\/textarea><\/div><\/div><!-- .wpforms-field-container --><div class=\"wpforms-recaptcha-container wpforms-is-recaptcha wpforms-is-recaptcha-type-v3\" ><input type=\"hidden\" name=\"wpforms[recaptcha]\" value=\"\"><\/div><div class=\"wpforms-submit-container\" ><input type=\"hidden\" name=\"wpforms[id]\" value=\"1908\"><input type=\"hidden\" name=\"page_title\" value=\"\"><input type=\"hidden\" name=\"page_url\" value=\"https:\/\/nccadv.org\/es\/wp-json\/wp\/v2\/pages\/1426\"><input type=\"hidden\" name=\"url_referer\" value=\"\"><button type=\"submit\" name=\"wpforms[submit]\" id=\"wpforms-submit-1908\" class=\"wpforms-submit\" data-alt-text=\"Sending\u2026\" data-submit-text=\"Submit\" aria-live=\"assertive\" value=\"wpforms-submit\">Submit<\/button><img decoding=\"async\" src=\"https:\/\/nccadv.org\/wp-content\/plugins\/wpforms\/assets\/images\/submit-spin.svg\" class=\"wpforms-submit-spinner\" style=\"display: none;\" width=\"26\" height=\"26\" alt=\"Cargando\"><\/div><\/form><\/div>  <!-- .wpforms-container -->\n\n\n<div style=\"height:33px\" aria-hidden=\"true\" class=\"wp-block-spacer\"><\/div>\n\n\n\n<p>The North Carolina Coalition Against Domestic Violence is a nonprofit 501(c)(3) charity (FEIN: 61-1077481) and contributions to NCCADV are tax-deductible to the fullest extent permitted by law.<\/p>\n\n\n<div id=\"ql-content-block-block_007cb67bc100c1809af749e19186efd2\" class=\"acf-block ql-content-block bg-primary bg-dark\" style=\" margin-top: 45px; margin-bottom: 50px;\">\n\n<p><\/p>\n\n<\/div>\n\n<div id=\"ql-image-text-column-block_d3a3b7f48ca71873718de8197a9eb0a5\" class=\"align-full no-pad acf-block ql-image-text-column\" style=\"\"><div class=\"column column-content bg-primary bg-dark\"><div class=\"ql-label\"><span class=\"custom-icon small\"><svg width=\"45\" height=\"44\" viewBox=\"0 0 45 44\" fill=\"none\" xmlns=\"http:\/\/www.w3.org\/2000\/svg\">\n<g clip-path=\"url(#clip0_3415_4911)\">\n<path fill-rule=\"evenodd\" clip-rule=\"evenodd\" d=\"M4.05811 42.1872C4.05977 42.6031 4.2257 43.0014 4.51976 43.2955C4.81381 43.5895 5.21216 43.7555 5.62802 43.7571H39.1143C39.5301 43.7555 39.9285 43.5895 40.2225 43.2955C40.5166 43.0014 40.6825 42.6031 40.6842 42.1872C40.6842 40.1087 39.2982 38.0722 36.6911 36.5128C33.4609 34.5846 28.2552 33.291 22.3769 33.291C16.4987 33.291 11.2887 34.5846 8.05645 36.5128C5.44623 38.0722 4.06336 40.1087 4.06336 42.1872H4.05811Z\" fill=\"#440E62\"\/>\n<path fill-rule=\"evenodd\" clip-rule=\"evenodd\" d=\"M23.924 38.2315C24.6725 33.8951 25.9974 29.6783 27.8635 25.6932C29.7791 21.7221 32.5228 17.7805 36.4938 15.7945C36.866 15.6085 37.1491 15.2822 37.2807 14.8875C37.4124 14.4928 37.3818 14.0619 37.1958 13.6897C37.0098 13.3175 36.6835 13.0345 36.2888 12.9029C35.894 12.7712 35.4632 12.8018 35.091 12.9878C30.5063 15.2796 27.2456 19.7466 25.0347 24.3292C23.0346 28.6 21.6156 33.1194 20.8157 37.767C20.779 37.9735 20.7841 38.1853 20.8306 38.3899C20.8771 38.5944 20.9642 38.7876 21.0866 38.9579C21.2091 39.1283 21.3644 39.2723 21.5434 39.3816C21.7225 39.4909 21.9216 39.5632 22.1291 39.5943C22.3366 39.6253 22.5481 39.6145 22.7513 39.5624C22.9545 39.5103 23.1452 39.418 23.3122 39.2909C23.4791 39.1639 23.6189 39.0047 23.7232 38.8227C23.8276 38.6407 23.8945 38.4397 23.9198 38.2315H23.924Z\" fill=\"#440E62\"\/>\n<path fill-rule=\"evenodd\" clip-rule=\"evenodd\" d=\"M24.9496 20.1144L26.6887 23.9698C30.1353 19.5423 34.3244 15.7468 39.0694 12.7524C39.5037 13.6212 39.5752 14.627 39.2682 15.5486C38.9612 16.4702 38.3008 17.2321 37.4322 17.667C34.3786 19.1928 32.1782 22.0458 30.5326 25.0731C32.6277 25.7214 34.8553 25.8145 36.9972 25.3432C41.2005 24.2756 43.3861 20.5599 44.3319 16.3609C45.084 12.3586 45.1951 8.26216 44.6608 4.22502C44.5983 3.82252 44.3824 3.45984 44.0584 3.213C43.7344 2.96617 43.3274 2.85436 42.9227 2.901C32.4976 4.1294 27.7963 7.64226 25.7945 11.1909C24.3479 13.9376 24.0424 17.1439 24.9444 20.1144H24.9496Z\" fill=\"#440E62\"\/>\n<path fill-rule=\"evenodd\" clip-rule=\"evenodd\" d=\"M23.9281 38.207C24.3288 34.32 24.1517 30.395 23.4027 26.5598C22.1344 20.1162 18.8202 12.7038 10.8277 8.70862C10.4552 8.52245 10.024 8.49188 9.62901 8.62361C9.23399 8.75535 8.90748 9.03862 8.72132 9.41109C8.53515 9.78356 8.50457 10.2147 8.63631 10.6098C8.76805 11.0048 9.05131 11.3313 9.42378 11.5174C16.4043 15.0072 19.2142 21.5411 20.3228 27.1672C21.0041 30.6659 21.1684 34.2456 20.8104 37.792C20.7832 37.9963 20.7965 38.2041 20.8496 38.4033C20.9027 38.6025 20.9945 38.7893 21.1198 38.953C21.2451 39.1168 21.4014 39.2542 21.5798 39.3575C21.7582 39.4609 21.9553 39.528 22.1596 39.5552C22.5724 39.6101 22.99 39.4988 23.3207 39.2458C23.6514 38.9928 23.868 38.6187 23.9229 38.206L23.9281 38.207Z\" fill=\"#440E62\"\/>\n<path fill-rule=\"evenodd\" clip-rule=\"evenodd\" d=\"M15.9136 20.7162C14.2775 17.5487 11.6774 14.9829 8.48858 13.3889C7.61983 12.9542 6.95919 12.1923 6.65181 11.2708C6.34443 10.3493 6.41547 9.3434 6.84931 8.47421C7.16456 7.85213 18.3168 17.6909 20.4048 19.7841L21.422 15.6292C21.7949 13.994 21.8242 12.2993 21.5082 10.6522C21.1922 9.00511 20.5378 7.44156 19.5862 6.0605C17.1578 2.79247 12.0508 -0.0983142 1.55217 0.00256385C1.14411 0.00629456 0.753545 0.168765 0.463235 0.455544C0.172925 0.742324 0.00568767 1.13087 -0.00303576 1.53885C-0.021198 5.61003 0.608037 9.6582 1.86111 13.5318C3.33224 17.5785 5.95927 20.9925 10.2676 21.518C12.185 21.7028 14.1189 21.4287 15.9094 20.7183L15.9136 20.7162Z\" fill=\"#440E62\"\/>\n<\/g>\n<defs>\n<clipPath id=\"clip0_3415_4911\">\n<rect width=\"45\" height=\"43.7569\" fill=\"white\"\/>\n<\/clipPath>\n<\/defs>\n<\/svg>\n<\/span><\/div><div class=\"column-content-inner\">\n\n<h3 class=\"wp-block-heading\">How to Donate<\/h3>\n\n\n\n<p>Fill out the form above to make an online gift now or mail your contribution to:<\/p>\n\n\n\n<p><strong>NCCADV<br>3710 University Drive, Ste 300<br>Durham, NC&nbsp; 27707<br>Attn: Development<\/strong><\/p>\n\n\n\n<p>Please note that we do not accept donations of clothing, household goods, or furnishings. Please visit our <a href=\"https:\/\/nccadv.org\/thrift-store-directory\/\">Thrift Store Directory<\/a> to find a program near you that may need your donated items.<\/p>\n\n<\/div><\/div><div class=\"column column-image\"><img decoding=\"async\" width=\"1600\" height=\"1067\" src=\"https:\/\/nccadv.org\/wp-content\/uploads\/2023\/05\/pawel-czerwinski-hR545CzxZxk-unsplash.jpg\" class=\"attachment-full size-full\" alt=\"\" srcset=\"https:\/\/nccadv.org\/wp-content\/uploads\/2023\/05\/pawel-czerwinski-hR545CzxZxk-unsplash.jpg 1600w, https:\/\/nccadv.org\/wp-content\/uploads\/2023\/05\/pawel-czerwinski-hR545CzxZxk-unsplash-300x200.jpg 300w, https:\/\/nccadv.org\/wp-content\/uploads\/2023\/05\/pawel-czerwinski-hR545CzxZxk-unsplash-1024x683.jpg 1024w, https:\/\/nccadv.org\/wp-content\/uploads\/2023\/05\/pawel-czerwinski-hR545CzxZxk-unsplash-768x512.jpg 768w, https:\/\/nccadv.org\/wp-content\/uploads\/2023\/05\/pawel-czerwinski-hR545CzxZxk-unsplash-1536x1024.jpg 1536w\" sizes=\"(max-width: 1600px) 100vw, 1600px\" \/><\/div><\/div>\n\n\n<p><\/p>\n","protected":false},"excerpt":{"rendered":"<p>La Coalici\u00f3n de Carolina del Norte Contra la Violencia Dom\u00e9stica es una organizaci\u00f3n ben\u00e9fica sin fines de lucro 501(c)(3) (FEIN: 61-1077481) y las contribuciones a la NCCADV son deducibles de impuestos en la mayor medida permitida por la ley.<\/p>","protected":false},"author":2,"featured_media":0,"parent":0,"menu_order":0,"comment_status":"closed","ping_status":"closed","template":"","meta":{"_acf_changed":false,"_genesis_hide_title":false,"_genesis_hide_breadcrumbs":false,"_genesis_hide_singular_image":false,"_genesis_hide_footer_widgets":false,"_genesis_custom_body_class":"","_genesis_custom_post_class":"","_genesis_layout":"","footnotes":""},"class_list":{"0":"post-1426","1":"page","2":"type-page","3":"status-publish","5":"entry"},"acf":[],"_links":{"self":[{"href":"https:\/\/nccadv.org\/es\/wp-json\/wp\/v2\/pages\/1426","targetHints":{"allow":["GET"]}}],"collection":[{"href":"https:\/\/nccadv.org\/es\/wp-json\/wp\/v2\/pages"}],"about":[{"href":"https:\/\/nccadv.org\/es\/wp-json\/wp\/v2\/types\/page"}],"author":[{"embeddable":true,"href":"https:\/\/nccadv.org\/es\/wp-json\/wp\/v2\/users\/2"}],"replies":[{"embeddable":true,"href":"https:\/\/nccadv.org\/es\/wp-json\/wp\/v2\/comments?post=1426"}],"version-history":[{"count":2,"href":"https:\/\/nccadv.org\/es\/wp-json\/wp\/v2\/pages\/1426\/revisions"}],"predecessor-version":[{"id":3057,"href":"https:\/\/nccadv.org\/es\/wp-json\/wp\/v2\/pages\/1426\/revisions\/3057"}],"wp:attachment":[{"href":"https:\/\/nccadv.org\/es\/wp-json\/wp\/v2\/media?parent=1426"}],"curies":[{"name":"wp","href":"https:\/\/api.w.org\/{rel}","templated":true}]}}